{"id":14,"date":"2019-06-10T12:12:38","date_gmt":"2019-06-10T12:12:38","guid":{"rendered":"http:\/\/matthiasplewka.de\/?page_id=14"},"modified":"2022-04-13T20:47:11","modified_gmt":"2022-04-13T20:47:11","slug":"impressum","status":"publish","type":"page","link":"https:\/\/matthiasplewka.de\/?page_id=14","title":{"rendered":"Impressum"},"content":{"rendered":"\n<h5 class=\"wp-block-heading\">Haftung f\u00fcr Inhalte<\/h5>\n\n\n\n<p>Die Inhalte&nbsp;meiner Seiten&nbsp;habe ich \u2013 Matthias Plewka, Prenzlauer-Berg-Str. 6, 45699 Herten&nbsp;\u2013&nbsp;mit gro\u00dfer Sorgfalt erstellt. F\u00fcr die Richtigkeit, Vollst\u00e4ndigkeit und Aktualit\u00e4t der Inhalte kann ich jedoch keine Gew\u00e4hr \u00fcbernehmen.<\/p>\n\n\n\n<p>Ich bin&nbsp;gem\u00e4\u00df \u00a7 6 Abs.1 MDStV und \u00a7 8 Abs.1 TDG f\u00fcr eigene Inhalte auf diesen Seiten nach den allgemeinen Gesetzen verantwortlich. Jedoch&nbsp;bin ich&nbsp;nicht verpflichtet, die von Ihnen \u00fcbermittelten oder gespeicherten fremden Informationen zu \u00fcberwachen oder nach Umst\u00e4nden zu forschen, die auf eine rechtswidrige T\u00e4tigkeit hinweisen. Verpflichtungen zur Entfernung oder Sperrung der Nutzung von Informationen nach den allgemeinen Gesetzen bleiben hiervon unber\u00fchrt. Eine diesbez\u00fcgliche Haftung ist jedoch erst ab dem Zeitpunkt der Kenntnis einer konkreten Rechtsverletzung m\u00f6glich. Bei bekannt werden von entsprechenden Rechtsverletzungen werde ich&nbsp;diese Inhalte umgehend entfernen.<\/p>\n\n\n\n<h5 class=\"wp-block-heading\">Haftung f\u00fcr Links<\/h5>\n\n\n\n<p>Meine Website enth\u00e4lt Links zu externen Webseiten Dritter, auf deren Inhalte ich keinen Einfluss habe. Deshalb kann ich f\u00fcr diese fremden Inhalte auch keine Gew\u00e4hr \u00fcbernehmen. F\u00fcr die Inhalte der verlinkten Seiten ist stets der jeweilige Anbieter oder Betreiber der Seiten verantwortlich. Die verlinkten Seiten wurden zum Zeitpunkt der Verlinkung auf m\u00f6gliche Rechtsverst\u00f6\u00dfe \u00fcberpr\u00fcft. Rechtswidrige Inhalte waren zum Zeitpunkt der Verlinkung nicht erkennbar. Eine permanente inhaltliche Kontrolle der verlinkten Seiten ist jedoch ohne konkrete Anhaltspunkte einer Rechtsverletzung nicht zumutbar. Bei bekannt werden von Rechtsverletzungen werde ich derartige Links umgehend entfernen.Urheberrecht<\/p>\n\n\n\n<p>Als Betreiber der Seite bin ich bem\u00fcht, stets die Urheberrechte anderer zu beachten bzw. auf selbst erstellte sowie lizenzfreie Werke zur\u00fcckzugreifen. Die durch die Seitenbetreiber erstellten Inhalte und Werke auf diesen Seiten unterliegen dem deutschen Urheberrecht. Beitr\u00e4ge Dritter sind als solche gekennzeichnet. Die Vervielf\u00e4ltigung, Bearbeitung, Verbreitung und jede Art der Verwertung au\u00dferhalb der Grenzen des Urheberrechtes bed\u00fcrfen der schriftlichen Zustimmung des jeweiligen Autors bzw. Erstellers. Downloads und Kopien dieser Seite sind nur f\u00fcr den privaten, nicht kommerziellen Gebrauch gestattet.<\/p>\n\n\n\n<h5 class=\"wp-block-heading\">Datenschutz<\/h5>\n\n\n\n<p>Eine ausf\u00fchrliche, aktualisierte Datenschutzerkl\u00e4rung gem\u00e4\u00df DSGVO befindet sich im separaten Men\u00fcpunkt unter\u00a0<a href=\"http:\/\/matthiasplewka.de\/?page_id=24\">Datenschutzerkl\u00e4rung<\/a><\/p>\n\n\n\n<p>Quelle: Disclaimer von S\u00f6ren Siebert \u2013 Anwalt Internet (&nbsp;<a href=\"http:\/\/www.e-recht24.de\/\" target=\"_blank\" rel=\"noreferrer noopener\">http:\/\/www.e-recht24.de\/<\/a>&nbsp;)<\/p>\n","protected":false},"excerpt":{"rendered":"<p>Haftung f\u00fcr Inhalte Die Inhalte&nbsp;meiner Seiten&nbsp;habe ich \u2013 Matthias Plewka, Prenzlauer-Berg-Str. 6, 45699 Herten&nbsp;\u2013&nbsp;mit gro\u00dfer Sorgfalt erstellt. F\u00fcr die Richtigkeit, Vollst\u00e4ndigkeit und Aktualit\u00e4t der Inhalte kann ich jedoch keine Gew\u00e4hr \u00fcbernehmen. Ich bin&nbsp;gem\u00e4\u00df \u00a7 6 Abs.1 MDStV und \u00a7 8 Abs.1 TDG f\u00fcr eigene Inhalte auf diesen Seiten nach den allgemeinen Gesetzen verantwortlich. Jedoch&nbsp;bin ich&nbsp;nicht &hellip; <\/p>\n<p class=\"link-more\"><a href=\"https:\/\/matthiasplewka.de\/?page_id=14\" class=\"more-link\"><span class=\"screen-reader-text\">\u201eImpressum\u201c<\/span> weiterlesen<\/a><\/p>\n","protected":false},"author":1,"featured_media":0,"parent":90,"menu_order":0,"comment_status":"closed","ping_status":"closed","template":"","meta":{"footnotes":""},"class_list":["post-14","page","type-page","status-publish","hentry"],"_links":{"self":[{"href":"https:\/\/matthiasplewka.de\/index.php?rest_route=\/wp\/v2\/pages\/14","targetHints":{"allow":["GET"]}}],"collection":[{"href":"https:\/\/matthiasplewka.de\/index.php?rest_route=\/wp\/v2\/pages"}],"about":[{"href":"https:\/\/matthiasplewka.de\/index.php?rest_route=\/wp\/v2\/types\/page"}],"author":[{"embeddable":true,"href":"https:\/\/matthiasplewka.de\/index.php?rest_route=\/wp\/v2\/users\/1"}],"replies":[{"embeddable":true,"href":"https:\/\/matthiasplewka.de\/index.php?rest_route=%2Fwp%2Fv2%2Fcomments&post=14"}],"version-history":[{"count":2,"href":"https:\/\/matthiasplewka.de\/index.php?rest_route=\/wp\/v2\/pages\/14\/revisions"}],"predecessor-version":[{"id":27,"href":"https:\/\/matthiasplewka.de\/index.php?rest_route=\/wp\/v2\/pages\/14\/revisions\/27"}],"up":[{"embeddable":true,"href":"https:\/\/matthiasplewka.de\/index.php?rest_route=\/wp\/v2\/pages\/90"}],"wp:attachment":[{"href":"https:\/\/matthiasplewka.de\/index.php?rest_route=%2Fwp%2Fv2%2Fmedia&parent=14"}],"curies":[{"name":"wp","href":"https:\/\/api.w.org\/{rel}","templated":true}]}}